{"id":1971,"date":"2020-07-10T00:28:15","date_gmt":"2020-07-09T22:28:15","guid":{"rendered":"http:\/\/unsa-hcc.fr\/?page_id=1971"},"modified":"2025-08-05T14:25:08","modified_gmt":"2025-08-05T12:25:08","slug":"commissions-des-horaires","status":"publish","type":"page","link":"https:\/\/unsa-hcc.fr\/commissions-des-horaires\/","title":{"rendered":"Commissions des horaires"},"content":{"rendered":"\n<p>Dans la fonction publique hospitali\u00e8re, toute modification d&#8217;horaires de travail doit respecter un cadre strict. <\/p>\n\n\n\n<p>L\u2019administration ne peut proc\u00e9der \u00e0 des modifications sans consulter au pr\u00e9alable l&#8217;instance repr\u00e9sentative du personnel, le Comit\u00e9 Social d\u2019\u00c9tablissement (CSE).<\/p>\n\n\n\n<p>Cette instance a \u00e9t\u00e9 cr\u00e9\u00e9e afin de d\u00e9battre en amont du <a href=\"http:\/\/unsa-hcc.fr\/?page_id=1969\">Comit\u00e9 Social d\u2019Etablissement (CSE)<\/a> sur la mise en place de nouveaux horaires ou de modifications d\u2019horaires, en sachant que la position d\u00e9finitive sera donn\u00e9e lors du <a href=\"http:\/\/unsa-hcc.fr\/?page_id=1969\">CSE<\/a>.<\/p>\n","protected":false},"excerpt":{"rendered":"<p>Dans la fonction publique hospitali\u00e8re, toute modification d&#8217;horaires de travail doit respecter un cadre strict. L\u2019administration ne peut proc\u00e9der \u00e0 des modifications sans consulter au &hellip; <\/p>\n","protected":false},"author":1,"featured_media":0,"parent":0,"menu_order":0,"comment_status":"closed","ping_status":"closed","template":"","meta":{"_bbp_topic_count":0,"_bbp_reply_count":0,"_bbp_total_topic_count":0,"_bbp_total_reply_count":0,"_bbp_voice_count":0,"_bbp_anonymous_reply_count":0,"_bbp_topic_count_hidden":0,"_bbp_reply_count_hidden":0,"_bbp_forum_subforum_count":0,"footnotes":""},"_links":{"self":[{"href":"https:\/\/unsa-hcc.fr\/wp-json\/wp\/v2\/pages\/1971"}],"collection":[{"href":"https:\/\/unsa-hcc.fr\/wp-json\/wp\/v2\/pages"}],"about":[{"href":"https:\/\/unsa-hcc.fr\/wp-json\/wp\/v2\/types\/page"}],"author":[{"embeddable":true,"href":"https:\/\/unsa-hcc.fr\/wp-json\/wp\/v2\/users\/1"}],"replies":[{"embeddable":true,"href":"https:\/\/unsa-hcc.fr\/wp-json\/wp\/v2\/comments?post=1971"}],"version-history":[{"count":5,"href":"https:\/\/unsa-hcc.fr\/wp-json\/wp\/v2\/pages\/1971\/revisions"}],"predecessor-version":[{"id":11724,"href":"https:\/\/unsa-hcc.fr\/wp-json\/wp\/v2\/pages\/1971\/revisions\/11724"}],"wp:attachment":[{"href":"https:\/\/unsa-hcc.fr\/wp-json\/wp\/v2\/media?parent=1971"}],"curies":[{"name":"wp","href":"https:\/\/api.w.org\/{rel}","templated":true}]}}